{"id":43,"date":"2022-11-06T12:43:30","date_gmt":"2022-11-06T12:43:30","guid":{"rendered":"https:\/\/h5p.nuclio.org\/?page_id=43"},"modified":"2022-11-06T13:45:49","modified_gmt":"2022-11-06T13:45:49","slug":"home","status":"publish","type":"page","link":"https:\/\/h5p.nuclio.org\/","title":{"rendered":"Home"},"content":{"rendered":"\n<p>This site is a repository of NUCLIO\u2019s H5P resources. It is not meant to be navigated by itself.<\/p>\n\n\n\n<p>Este site \u00e9 um reposit\u00f3rio dos conte\u00fados do NUCLIO no formato H5P. N\u00e3o \u00e9 suposto ser consultado por is s\u00f3.<\/p>\n\n\n\n<figure class=\"wp-block-image size-large\"><img loading=\"lazy\" decoding=\"async\" width=\"1024\" height=\"435\" src=\"https:\/\/h5p.nuclio.org\/wp-content\/uploads\/2022\/11\/flight-path-on-transparent-c-1024x435.png\" alt=\"\" class=\"wp-image-73\" srcset=\"https:\/\/h5p.nuclio.org\/wp-content\/uploads\/2022\/11\/flight-path-on-transparent-c-1024x435.png 1024w, https:\/\/h5p.nuclio.org\/wp-content\/uploads\/2022\/11\/flight-path-on-transparent-c-300x128.png 300w, https:\/\/h5p.nuclio.org\/wp-content\/uploads\/2022\/11\/flight-path-on-transparent-c-768x326.png 768w, https:\/\/h5p.nuclio.org\/wp-content\/uploads\/2022\/11\/flight-path-on-transparent-c-1536x653.png 1536w, https:\/\/h5p.nuclio.org\/wp-content\/uploads\/2022\/11\/flight-path-on-transparent-c-2048x870.png 2048w\" sizes=\"auto, (max-width: 1024px) 100vw, 1024px\" \/><\/figure>\n","protected":false},"excerpt":{"rendered":"<p>This site is a repository of NUCLIO\u2019s H5P resources. It is not meant to be navigated by itself. Este site \u00e9 um reposit\u00f3rio dos conte\u00fados do NUCLIO no formato H5P. N\u00e3o \u00e9 suposto ser consultado por is s\u00f3.<\/p>\n","protected":false},"author":1,"featured_media":0,"parent":0,"menu_order":0,"comment_status":"closed","ping_status":"closed","template":"","meta":{"footnotes":""},"class_list":["post-43","page","type-page","status-publish","hentry"],"_links":{"self":[{"href":"https:\/\/h5p.nuclio.org\/index.php\/wp-json\/wp\/v2\/pages\/43","targetHints":{"allow":["GET"]}}],"collection":[{"href":"https:\/\/h5p.nuclio.org\/index.php\/wp-json\/wp\/v2\/pages"}],"about":[{"href":"https:\/\/h5p.nuclio.org\/index.php\/wp-json\/wp\/v2\/types\/page"}],"author":[{"embeddable":true,"href":"https:\/\/h5p.nuclio.org\/index.php\/wp-json\/wp\/v2\/users\/1"}],"replies":[{"embeddable":true,"href":"https:\/\/h5p.nuclio.org\/index.php\/wp-json\/wp\/v2\/comments?post=43"}],"version-history":[{"count":2,"href":"https:\/\/h5p.nuclio.org\/index.php\/wp-json\/wp\/v2\/pages\/43\/revisions"}],"predecessor-version":[{"id":74,"href":"https:\/\/h5p.nuclio.org\/index.php\/wp-json\/wp\/v2\/pages\/43\/revisions\/74"}],"wp:attachment":[{"href":"https:\/\/h5p.nuclio.org\/index.php\/wp-json\/wp\/v2\/media?parent=43"}],"curies":[{"name":"wp","href":"https:\/\/api.w.org\/{rel}","templated":true}]}}